{"id":1482,"date":"2020-07-05T13:59:25","date_gmt":"2020-07-05T11:59:25","guid":{"rendered":"https:\/\/www.fair-building.de\/?page_id=1482"},"modified":"2020-07-05T13:59:25","modified_gmt":"2020-07-05T11:59:25","slug":"privacy","status":"publish","type":"page","link":"https:\/\/www.fair-building.de\/en\/privacy\/","title":{"rendered":"Privacy"},"content":{"rendered":"<p><span style=\"color: #619e9d;\"><span style=\"font-family: Arial, serif;\"><span style=\"font-size: xx-large;\">\u00a0<\/span><\/span><\/span><\/p>\n<p><span style=\"color: #619e9d;\"><span style=\"font-family: Arial, serif;\"><span style=\"font-size: xx-large;\">1. Datenschutz auf einen Blick<\/span><\/span><\/span><\/p>\n<p><span style=\"color: #619e9d;\"><span style=\"font-family: Arial, serif;\"><span style=\"font-size: x-large;\">Analyse-Tools und Tools von Drittanbietern<\/span><\/span><\/span><\/p>\n<p><span style=\"color: #666666;\"><span style=\"font-family: Arial, serif;\"><span style=\"font-size: medium;\">Beim Besuch unserer Website kann Ihr Surf-Verhalten statistisch ausgewertet werden. Das geschieht vor allem mit Cookies und mit sogenannten Analyseprogrammen. Die Analyse Ihres Surf-Verhaltens erfolgt in der Regel anonym; das Surf-Verhalten kann nicht zu Ihnen zur\u00fcckverfolgt werden. Sie k\u00f6nnen dieser Analyse widersprechen oder sie durch die Nichtbenutzung bestimmter Tools verhindern. Detaillierte Informationen dazu finden Sie in der folgenden Datenschutzerkl\u00e4rung.<\/span><\/span><\/span><\/p>\n<p><span style=\"color: #666666;\"><span style=\"font-family: Arial, serif;\"><span style=\"font-size: medium;\">Sie k\u00f6nnen dieser Analyse widersprechen. \u00dcber die Widerspruchsm\u00f6glichkeiten werden wir Sie in dieser Datenschutzerkl\u00e4rung informieren.<\/span><\/span><\/span><\/p>\n<p><span style=\"color: #619e9d;\"><span style=\"font-family: Arial, serif;\"><span style=\"font-size: xx-large;\">2. Allgemeine Hinweise und Pflichtinformationen<\/span><\/span><\/span><\/p>\n<p><span style=\"color: #619e9d;\"><span style=\"font-family: Arial, serif;\"><span style=\"font-size: x-large;\">Datenschutz<\/span><\/span><\/span><\/p>\n<p><span style=\"color: #666666;\"><span style=\"font-family: Arial, serif;\"><span style=\"font-size: medium;\">Die Betreiber dieser Seiten nehmen den Schutz Ihrer pers\u00f6nlichen Daten sehr ernst. Wir behandeln Ihre personenbezogenen Daten vertraulich und entsprechend der gesetzlichen Datenschutzvorschriften sowie dieser Datenschutzerkl\u00e4rung.<\/span><\/span><\/span><\/p>\n<p><span style=\"color: #666666;\"><span style=\"font-family: Arial, serif;\"><span style=\"font-size: medium;\">Wenn Sie diese Website benutzen, werden verschiedene personenbezogene Daten erhoben. Personenbezogene Daten sind Daten, mit denen Sie pers\u00f6nlich identifiziert werden k\u00f6nnen. Die vorliegende Datenschutzerkl\u00e4rung erl\u00e4utert, welche Daten wir erheben und wof\u00fcr wir sie nutzen. Sie erl\u00e4utert auch, wie und zu welchem Zweck das geschieht.<\/span><\/span><\/span><\/p>\n<p><span style=\"color: #666666;\"><span style=\"font-family: Arial, serif;\"><span style=\"font-size: medium;\">Wir weisen darauf hin, dass die Daten\u00fcbertragung im Internet (z.B. bei der Kommunikation per E-Mail) Sicherheitsl\u00fccken aufweisen kann. Ein l\u00fcckenloser Schutz der Daten vor dem Zugriff durch Dritte ist nicht m\u00f6glich.<\/span><\/span><\/span><\/p>\n<p><span style=\"color: #619e9d;\"><span style=\"font-family: Arial, serif;\"><span style=\"font-size: x-large;\">Hinweis zur verantwortlichen Stelle<\/span><\/span><\/span><\/p>\n<p><span style=\"color: #666666;\"><span style=\"font-family: Arial, serif;\"><span style=\"font-size: medium;\">Die verantwortliche Stelle f\u00fcr die Datenverarbeitung auf dieser Website ist:<\/span><\/span><\/span><\/p>\n<p><span style=\"color: #666666;\"><span style=\"font-family: Arial, serif;\"><span style=\"font-size: medium;\">Fair-Building Messe Design GmbH<br \/>\nAndreas Czaja<br \/>\nStockenend 32<\/span><\/span><\/span><\/p>\n<p><span style=\"color: #666666;\"><span style=\"font-family: Arial, serif;\"><span style=\"font-size: medium;\">52445 Titz<\/span><\/span><\/span><\/p>\n<p><span style=\"color: #666666;\"><span style=\"font-family: Arial, serif;\"><span style=\"font-size: medium;\">Telefon: +49 (0) 21 64 \/ 94 95 45<br \/>\nE-Mail: <\/span><\/span><\/span><span style=\"color: #71a8a7;\"><span style=\"font-family: Arial, serif;\"><span style=\"font-size: medium;\"><u><a href=\"javascript:DeCryptX('0i0n1g1p0@3i2c0i3u2\/1c3x3l1m3g0i2p1h312f2g')\">&#105;&#110;&#102;&#111;&#64;&#102;&#97;&#105;r&#45;&#98;uild&#105;&#110;&#103;.&#100;&#101;<\/a><\/u><\/span><\/span><\/span><\/p>\n<p><span style=\"color: #666666;\"><span style=\"font-family: Arial, serif;\"><span style=\"font-size: medium;\">Verantwortliche Stelle ist die nat\u00fcrliche oder juristische Person, die allein oder gemeinsam mit anderen \u00fcber die Zwecke und Mittel der Verarbeitung von personenbezogenen Daten (z.B. Namen, E-Mail-Adressen o. \u00c4.) entscheidet.<\/span><\/span><\/span><\/p>\n<p><span style=\"color: #619e9d;\"><span style=\"font-family: Arial, serif;\"><span style=\"font-size: x-large;\">Widerruf Ihrer Einwilligung zur Datenverarbeitung<\/span><\/span><\/span><\/p>\n<p><span style=\"color: #666666;\"><span style=\"font-family: Arial, serif;\"><span style=\"font-size: medium;\">Viele Datenverarbeitungsvorg\u00e4nge sind nur mit Ihrer ausdr\u00fccklichen Einwilligung m\u00f6glich. Sie k\u00f6nnen eine bereits erteilte Einwilligung jederzeit widerrufen. Dazu reicht eine formlose Mitteilung per E-Mail an uns. Die Rechtm\u00e4\u00dfigkeit der bis zum Widerruf erfolgten Datenverarbeitung bleibt vom Widerruf unber\u00fchrt.<\/span><\/span><\/span><\/p>\n<p><span style=\"color: #619e9d;\"><span style=\"font-family: Arial, serif;\"><span style=\"font-size: x-large;\">Beschwerderecht bei der zust\u00e4ndigen Aufsichtsbeh\u00f6rde<\/span><\/span><\/span><\/p>\n<p><span style=\"color: #666666;\"><span style=\"font-family: Arial, serif;\"><span style=\"font-size: medium;\">Im Falle datenschutzrechtlicher Verst\u00f6\u00dfe steht dem Betroffenen ein Beschwerderecht bei der zust\u00e4ndigen Aufsichtsbeh\u00f6rde zu. Zust\u00e4ndige Aufsichtsbeh\u00f6rde in datenschutzrechtlichen Fragen ist der Landesdatenschutzbeauftragte des Bundeslandes, in dem unser Unternehmen seinen Sitz hat. Eine Liste der Datenschutzbeauftragten sowie deren Kontaktdaten k\u00f6nnen folgendem Link entnommen werden: <\/span><\/span><\/span><span style=\"color: #71a8a7;\"><span style=\"font-family: Arial, serif;\"><span style=\"font-size: medium;\"><u><a href=\"https:\/\/www.bfdi.bund.de\/DE\/Infothek\/Anschriften_Links\/anschriften_links-node.html\" target=\"_blank\" rel=\"noopener noreferrer\">https:\/\/www.bfdi.bund.de\/DE\/Infothek\/Anschriften_Links\/anschriften_links-node.html<\/a><\/u><\/span><\/span><\/span><span style=\"color: #666666;\"><span style=\"font-family: Arial, serif;\"><span style=\"font-size: medium;\">.<\/span><\/span><\/span><\/p>\n<p><span style=\"color: #619e9d;\"><span style=\"font-family: Arial, serif;\"><span style=\"font-size: x-large;\">Recht auf Daten\u00fcbertragbarkeit<\/span><\/span><\/span><\/p>\n<p><span style=\"color: #666666;\"><span style=\"font-family: Arial, serif;\"><span style=\"font-size: medium;\">Sie haben das Recht, Daten, die wir auf Grundlage Ihrer Einwilligung oder in Erf\u00fcllung eines Vertrags automatisiert verarbeiten, an sich oder an einen Dritten in einem g\u00e4ngigen, maschinenlesbaren Format aush\u00e4ndigen zu lassen. Sofern Sie die direkte \u00dcbertragung der Daten an einen anderen Verantwortlichen verlangen, erfolgt dies nur, soweit es technisch machbar ist.<\/span><\/span><\/span><\/p>\n<p><span style=\"color: #619e9d;\"><span style=\"font-family: Arial, serif;\"><span style=\"font-size: x-large;\">SSL- bzw. TLS-Verschl\u00fcsselung<\/span><\/span><\/span><\/p>\n<p><span style=\"color: #666666;\"><span style=\"font-family: Arial, serif;\"><span style=\"font-size: medium;\">Diese Seite nutzt aus Sicherheitsgr\u00fcnden und zum Schutz der \u00dcbertragung vertraulicher Inhalte, wie zum Beispiel Bestellungen oder Anfragen, die Sie an uns als Seitenbetreiber senden, eine SSL-bzw. TLS-Verschl\u00fcsselung. Eine verschl\u00fcsselte Verbindung erkennen Sie daran, dass die Adresszeile des Browsers von \u201chttp:\/\/\u201d auf \u201chttps:\/\/\u201d wechselt und an dem Schloss-Symbol in Ihrer Browserzeile.<\/span><\/span><\/span><\/p>\n<p><span style=\"color: #666666;\"><span style=\"font-family: Arial, serif;\"><span style=\"font-size: medium;\">Wenn die SSL- bzw. TLS-Verschl\u00fcsselung aktiviert ist, k\u00f6nnen die Daten, die Sie an uns \u00fcbermitteln, nicht von Dritten mitgelesen werden.<\/span><\/span><\/span><\/p>\n<p><span style=\"color: #619e9d;\"><span style=\"font-family: Arial, serif;\"><span style=\"font-size: x-large;\">Auskunft, Sperrung, L\u00f6schung<\/span><\/span><\/span><\/p>\n<p><span style=\"color: #666666;\"><span style=\"font-family: Arial, serif;\"><span style=\"font-size: medium;\">Sie haben im Rahmen der geltenden gesetzlichen Bestimmungen jederzeit das Recht auf unentgeltliche Auskunft \u00fcber Ihre gespeicherten personenbezogenen Daten, deren Herkunft und Empf\u00e4nger und den Zweck der Datenverarbeitung und ggf. ein Recht auf Berichtigung, Sperrung oder L\u00f6schung dieser Daten. Hierzu sowie zu weiteren Fragen zum Thema personenbezogene Daten k\u00f6nnen Sie sich jederzeit unter der im Impressum angegebenen Adresse an uns wenden.<\/span><\/span><\/span><\/p>\n<p><span style=\"color: #619e9d;\"><span style=\"font-family: Arial, serif;\"><span style=\"font-size: x-large;\">Widerspruch gegen Werbe-Mails<\/span><\/span><\/span><\/p>\n<p><span style=\"color: #666666;\"><span style=\"font-family: Arial, serif;\"><span style=\"font-size: medium;\">Der Nutzung von im Rahmen der Impressumspflicht ver\u00f6ffentlichten Kontaktdaten zur \u00dcbersendung von nicht ausdr\u00fccklich angeforderter Werbung und Informationsmaterialien wird hiermit widersprochen. Die Betreiber der Seiten behalten sich ausdr\u00fccklich rechtliche Schritte im Falle der unverlangten Zusendung von Werbeinformationen, etwa durch Spam-E-Mails, vor.<\/span><\/span><\/span><\/p>\n<p><span style=\"color: #619e9d;\"><span style=\"font-family: Arial, serif;\"><span style=\"font-size: xx-large;\">3. Datenerfassung auf unserer Website<\/span><\/span><\/span><\/p>\n<p><span style=\"color: #619e9d;\"><span style=\"font-family: Arial, serif;\"><span style=\"font-size: x-large;\">Cookies<\/span><\/span><\/span><\/p>\n<p><span style=\"color: #666666;\"><span style=\"font-family: Arial, serif;\"><span style=\"font-size: medium;\">Die Internetseiten verwenden teilweise so genannte Cookies. Cookies richten auf Ihrem Rechner keinen Schaden an und enthalten keine Viren. Cookies dienen dazu, unser Angebot nutzerfreundlicher, effektiver und sicherer zu machen. Cookies sind kleine Textdateien, die auf Ihrem Rechner abgelegt werden und die Ihr Browser speichert.<\/span><\/span><\/span><\/p>\n<p><span style=\"color: #666666;\"><span style=\"font-family: Arial, serif;\"><span style=\"font-size: medium;\">Die meisten der von uns verwendeten Cookies sind so genannte \u201cSession-Cookies\u201d. Sie werden nach Ende Ihres Besuchs automatisch gel\u00f6scht. Andere Cookies bleiben auf Ihrem Endger\u00e4t gespeichert bis Sie diese l\u00f6schen. Diese Cookies erm\u00f6glichen es uns, Ihren Browser beim n\u00e4chsten Besuch wiederzuerkennen.<\/span><\/span><\/span><\/p>\n<p><span style=\"color: #666666;\"><span style=\"font-family: Arial, serif;\"><span style=\"font-size: medium;\">Sie k\u00f6nnen Ihren Browser so einstellen, dass Sie \u00fcber das Setzen von Cookies informiert werden und Cookies nur im Einzelfall erlauben, die Annahme von Cookies f\u00fcr bestimmte F\u00e4lle oder generell ausschlie\u00dfen sowie das automatische L\u00f6schen der Cookies beim Schlie\u00dfen des Browser aktivieren. Bei der Deaktivierung von Cookies kann die Funktionalit\u00e4t dieser Website eingeschr\u00e4nkt sein.<\/span><\/span><\/span><\/p>\n<p><span style=\"color: #666666;\"><span style=\"font-family: Arial, serif;\"><span style=\"font-size: medium;\">Cookies, die zur Durchf\u00fchrung des elektronischen Kommunikationsvorgangs oder zur Bereitstellung bestimmter, von Ihnen erw\u00fcnschter Funktionen (z.B. Warenkorbfunktion) erforderlich sind, werden auf Grundlage von Art. 6 Abs. 1 lit. f DSGVO gespeichert. Der Websitebetreiber hat ein berechtigtes Interesse an der Speicherung von Cookies zur technisch fehlerfreien und optimierten Bereitstellung seiner Dienste. Soweit andere Cookies (z.B. Cookies zur Analyse Ihres Surfverhaltens) gespeichert werden, werden diese in dieser Datenschutzerkl\u00e4rung gesondert behandelt.<\/span><\/span><\/span><\/p>\n<p><span style=\"color: #619e9d;\"><span style=\"font-family: Arial, serif;\"><span style=\"font-size: x-large;\">Server-Log-Dateien<\/span><\/span><\/span><\/p>\n<p><span style=\"color: #666666;\"><span style=\"font-family: Arial, serif;\"><span style=\"font-size: medium;\">Der Provider der Seiten erhebt und speichert automatisch Informationen in so genannten Server-Log-Dateien, die Ihr Browser automatisch an uns \u00fcbermittelt. Dies sind:<\/span><\/span><\/span><\/p>\n<ul>\n<li><span style=\"color: #666666;\"><span style=\"font-family: Arial, serif;\"><span style=\"font-size: medium;\">Browsertyp und Browserversion<\/span><\/span><\/span><\/li>\n<li><span style=\"color: #666666;\"><span style=\"font-family: Arial, serif;\"><span style=\"font-size: medium;\">verwendetes Betriebssystem<\/span><\/span><\/span><\/li>\n<li><span style=\"color: #666666;\"><span style=\"font-family: Arial, serif;\"><span style=\"font-size: medium;\">Referrer URL<\/span><\/span><\/span><\/li>\n<li><span style=\"color: #666666;\"><span style=\"font-family: Arial, serif;\"><span style=\"font-size: medium;\">Hostname des zugreifenden Rechners<\/span><\/span><\/span><\/li>\n<li><span style=\"color: #666666;\"><span style=\"font-family: Arial, serif;\"><span style=\"font-size: medium;\">Uhrzeit der Serveranfrage<\/span><\/span><\/span><\/li>\n<li><span style=\"color: #666666;\"><span style=\"font-family: Arial, serif;\"><span style=\"font-size: medium;\">IP-Adresse<\/span><\/span><\/span><\/li>\n<\/ul>\n<p><span style=\"color: #666666;\"><span style=\"font-family: Arial, serif;\"><span style=\"font-size: medium;\">Eine Zusammenf\u00fchrung dieser Daten mit anderen Datenquellen wird nicht vorgenommen.<\/span><\/span><\/span><\/p>\n<p><span style=\"color: #666666;\"><span style=\"font-family: Arial, serif;\"><span style=\"font-size: medium;\">Grundlage f\u00fcr die Datenverarbeitung ist Art. 6 Abs. 1 lit. f DSGVO, der die Verarbeitung von Daten zur Erf\u00fcllung eines Vertrags oder vorvertraglicher Ma\u00dfnahmen gestattet.<\/span><\/span><\/span><\/p>\n<p>&nbsp;<\/p>\n","protected":false},"excerpt":{"rendered":"<p>\u00a0 1. Datenschutz auf einen Blick Analyse-Tools und Tools von Drittanbietern Beim Besuch unserer Website kann Ihr Surf-Verhalten statistisch ausgewertet<br \/><a href=\"https:\/\/www.fair-building.de\/en\/privacy\/\" rel=\"nofollow\">weiterlesen&#8230;<\/a><\/p>\n","protected":false},"author":2,"featured_media":0,"parent":0,"menu_order":0,"comment_status":"closed","ping_status":"closed","template":"page-legal.php","meta":{"inline_featured_image":false,"_monsterinsights_skip_tracking":false,"_monsterinsights_sitenote_active":false,"_monsterinsights_sitenote_note":"","_monsterinsights_sitenote_category":0,"footnotes":""},"aioseo_notices":[],"_links":{"self":[{"href":"https:\/\/www.fair-building.de\/en\/wp-json\/wp\/v2\/pages\/1482"}],"collection":[{"href":"https:\/\/www.fair-building.de\/en\/wp-json\/wp\/v2\/pages"}],"about":[{"href":"https:\/\/www.fair-building.de\/en\/wp-json\/wp\/v2\/types\/page"}],"author":[{"embeddable":true,"href":"https:\/\/www.fair-building.de\/en\/wp-json\/wp\/v2\/users\/2"}],"replies":[{"embeddable":true,"href":"https:\/\/www.fair-building.de\/en\/wp-json\/wp\/v2\/comments?post=1482"}],"version-history":[{"count":1,"href":"https:\/\/www.fair-building.de\/en\/wp-json\/wp\/v2\/pages\/1482\/revisions"}],"predecessor-version":[{"id":1483,"href":"https:\/\/www.fair-building.de\/en\/wp-json\/wp\/v2\/pages\/1482\/revisions\/1483"}],"wp:attachment":[{"href":"https:\/\/www.fair-building.de\/en\/wp-json\/wp\/v2\/media?parent=1482"}],"curies":[{"name":"wp","href":"https:\/\/api.w.org\/{rel}","templated":true}]}}